{"id":881,"date":"2021-11-06T21:23:10","date_gmt":"2021-11-06T21:23:10","guid":{"rendered":"https:\/\/haaveilla.barbarafavaro.com\/?page_id=881"},"modified":"2022-09-23T16:13:24","modified_gmt":"2022-09-23T16:13:24","slug":"gen","status":"publish","type":"page","link":"https:\/\/haaveilla.barbarafavaro.com\/index.php\/portfolio-case-study\/gen\/","title":{"rendered":"gen."},"content":{"rendered":"<p><em><strong>Premessa<\/strong><\/em><\/p>\n<p><em>ATTENZIONE! Il website attuale \u00e8 stato rebrandizzato.<\/em><\/p>\n<p>Il re-branding richiesto \u00e8 stato del tutto stravolto per la necessit\u00e0 di effettuare un upgrade totale che partisse dal<em> naming<\/em>. La crescita dell&#8217;azienda <strong>Wireless Group Communications<\/strong> necessitava di un progetto completo che coprisse l&#8217;intero territorio nazionale, rivolgendosi a un pubblico pi\u00f9 ampio. Lavorando assieme al reparto marketing dell&#8217;azienda abbiamo curato l&#8217;intera operazione: dal <em>naming<\/em> al logo e logotipo, dal <em>website<\/em> ai contenuti per i Social Networks (<a href=\"https:\/\/www.facebook.com\/gen.connect.it\">Facebook<\/a>, Instagram e LinkedIn), dalle <em>landing page<\/em> alle ADV e flyers per rivenditori e partner.<\/p>\n<p><em><strong>Storytelling<\/strong><\/em><\/p>\n<p>Il settore comunicazioni \u00e8 decisamente saturo di brand e di offerte, \u00e8 stata quindi una sfida tosta quella affrontata per presentare al committente un <em>concept<\/em> che fosse inconfondibile rispetto ai competitors e a quello che il mercato fino ad ora ci ha abituati. Lo studio dei <strong>colori<\/strong> \u00e8 stato fondamentale per caratterizzare la parte <strong>visual<\/strong> (digital &amp; paper) e la narrazione testuale si \u00e8 occupata sia della <strong>brand identity<\/strong> che della parte pi\u00f9 strettamente tecnica (offerte, informazioni amministrative\/legali ecc.).<\/p>\n<p><strong><em>Concept<\/em><\/strong><\/p>\n<p>Navigare sul web ci permette di trovare piccole e grandi soluzioni alle necessit\u00e0 quotidiane, che si tratti della vita professionale che della vita privata di ognuno di noi.<\/p>\n<p><em><strong>Naming<\/strong><\/em><\/p>\n<p><a href=\"https:\/\/gen-connect.it\/\"><strong>gen.<\/strong><\/a> \u00e8 nato giocando con le parole di una frase semplice che rispondeva a una domanda fondamentale, ovvero: a chi ci rivolgiamo? Alla gente come noi, che ama navigare e scoprire e trovare, che vive ovunque e vuole rimanere connessa con il resto del mondo. La parola chiave per noi era &#8220;<strong>gente<\/strong>&#8221; e da qui l&#8217;idea di usare le tre lettere iniziali per giocare con i significati. Come? Basta navigare sul sito per accorgersene&#8230;<\/p>\n<p>Il <strong>logo<\/strong> doveva essere semplice, leggibile in qualsiasi formato.<\/p>\n<figure id=\"attachment_893\" aria-describedby=\"caption-attachment-893\" style=\"width: 300px\" class=\"wp-caption alignleft\"><img loading=\"lazy\" decoding=\"async\" class=\"size-medium wp-image-893\" src=\"https:\/\/haaveilla.barbarafavaro.com\/wp-content\/uploads\/2021\/11\/Logo-Gen_rev01-02-300x300.png\" alt=\"\" width=\"300\" height=\"300\" srcset=\"https:\/\/haaveilla.barbarafavaro.com\/wp-content\/uploads\/2021\/11\/Logo-Gen_rev01-02-300x300.png 300w, https:\/\/haaveilla.barbarafavaro.com\/wp-content\/uploads\/2021\/11\/Logo-Gen_rev01-02-1024x1021.png 1024w, https:\/\/haaveilla.barbarafavaro.com\/wp-content\/uploads\/2021\/11\/Logo-Gen_rev01-02-150x150.png 150w, https:\/\/haaveilla.barbarafavaro.com\/wp-content\/uploads\/2021\/11\/Logo-Gen_rev01-02-768x766.png 768w, https:\/\/haaveilla.barbarafavaro.com\/wp-content\/uploads\/2021\/11\/Logo-Gen_rev01-02-1536x1531.png 1536w, https:\/\/haaveilla.barbarafavaro.com\/wp-content\/uploads\/2021\/11\/Logo-Gen_rev01-02-1083x1080.png 1083w, https:\/\/haaveilla.barbarafavaro.com\/wp-content\/uploads\/2021\/11\/Logo-Gen_rev01-02.png 1635w\" sizes=\"auto, (max-width: 300px) 100vw, 300px\" \/><figcaption id=\"caption-attachment-893\" class=\"wp-caption-text\">Logo<\/figcaption><\/figure>\n<p>Il <strong>pittogramma<\/strong> doveva aggiungere movimento alle pagine web, al content per i social e al paper, ma senza esagerare.<\/p>\n<figure id=\"attachment_892\" aria-describedby=\"caption-attachment-892\" style=\"width: 300px\" class=\"wp-caption alignleft\"><img loading=\"lazy\" decoding=\"async\" class=\"size-medium wp-image-892\" src=\"https:\/\/haaveilla.barbarafavaro.com\/wp-content\/uploads\/2021\/11\/Logo-Gen_rev01_Tavola-disegno-1-copia-8-300x300.png\" alt=\"\" width=\"300\" height=\"300\" srcset=\"https:\/\/haaveilla.barbarafavaro.com\/wp-content\/uploads\/2021\/11\/Logo-Gen_rev01_Tavola-disegno-1-copia-8-300x300.png 300w, https:\/\/haaveilla.barbarafavaro.com\/wp-content\/uploads\/2021\/11\/Logo-Gen_rev01_Tavola-disegno-1-copia-8-1021x1024.png 1021w, https:\/\/haaveilla.barbarafavaro.com\/wp-content\/uploads\/2021\/11\/Logo-Gen_rev01_Tavola-disegno-1-copia-8-150x150.png 150w, https:\/\/haaveilla.barbarafavaro.com\/wp-content\/uploads\/2021\/11\/Logo-Gen_rev01_Tavola-disegno-1-copia-8-768x770.png 768w, https:\/\/haaveilla.barbarafavaro.com\/wp-content\/uploads\/2021\/11\/Logo-Gen_rev01_Tavola-disegno-1-copia-8-1532x1536.png 1532w, https:\/\/haaveilla.barbarafavaro.com\/wp-content\/uploads\/2021\/11\/Logo-Gen_rev01_Tavola-disegno-1-copia-8-1024x1027.png 1024w, https:\/\/haaveilla.barbarafavaro.com\/wp-content\/uploads\/2021\/11\/Logo-Gen_rev01_Tavola-disegno-1-copia-8-1077x1080.png 1077w, https:\/\/haaveilla.barbarafavaro.com\/wp-content\/uploads\/2021\/11\/Logo-Gen_rev01_Tavola-disegno-1-copia-8.png 1630w\" sizes=\"auto, (max-width: 300px) 100vw, 300px\" \/><figcaption id=\"caption-attachment-892\" class=\"wp-caption-text\">Pittogramma<\/figcaption><\/figure>\n<p>&nbsp;<\/p>\n<p><em><strong>Slogan<\/strong><\/em><\/p>\n<p><em>&#8220;Connettiti, il mondo \u00e8 tuo!&#8221;,<\/em> significa per noi leggerezza. Volevamo smorzare i toni sempre troppo cupi quando si parla di web che ci martellano con il fatto che siamo ormai schiavi di questa tecnologia che ci vuole connessi h24-7\/7. Volevamo ricordare che ora abbiamo accesso a informazioni, prodotti e servizi che rendono la nostra vita migliore e sta a noi utilizzare questa opportunit\u00e0 con buonsenso.<\/p>\n<p><img loading=\"lazy\" decoding=\"async\" class=\"alignleft wp-image-891 size-full\" src=\"https:\/\/haaveilla.barbarafavaro.com\/wp-content\/uploads\/2021\/11\/claim2.jpg\" alt=\"\" width=\"1324\" height=\"739\" srcset=\"https:\/\/haaveilla.barbarafavaro.com\/wp-content\/uploads\/2021\/11\/claim2.jpg 1324w, https:\/\/haaveilla.barbarafavaro.com\/wp-content\/uploads\/2021\/11\/claim2-300x167.jpg 300w, https:\/\/haaveilla.barbarafavaro.com\/wp-content\/uploads\/2021\/11\/claim2-1024x572.jpg 1024w, https:\/\/haaveilla.barbarafavaro.com\/wp-content\/uploads\/2021\/11\/claim2-768x429.jpg 768w\" sizes=\"auto, (max-width: 1324px) 100vw, 1324px\" \/><\/p>\n<p>&nbsp;<\/p>\n<p>&nbsp;<\/p>\n<p>&nbsp;<\/p>\n<p>&nbsp;<\/p>\n<p>&nbsp;<\/p>\n<p>Questo il video creato per presentare il Brand sui Social e in Fiera:<\/p>\n<div style=\"width: 2000px;\" class=\"wp-video\"><video class=\"wp-video-shortcode\" id=\"video-881-1\" width=\"2000\" height=\"1000\" preload=\"metadata\" controls=\"controls\"><source type=\"video\/mp4\" src=\"https:\/\/haaveilla.barbarafavaro.com\/wp-content\/uploads\/2021\/12\/WhatsApp-Video-2021-12-01-at-18.52.13.mp4?_=1\" \/><a href=\"https:\/\/haaveilla.barbarafavaro.com\/wp-content\/uploads\/2021\/12\/WhatsApp-Video-2021-12-01-at-18.52.13.mp4\">https:\/\/haaveilla.barbarafavaro.com\/wp-content\/uploads\/2021\/12\/WhatsApp-Video-2021-12-01-at-18.52.13.mp4<\/a><\/video><\/div>\n<p>&nbsp;<\/p>\n<p>Il progetto ha visto coinvolte diverse competenze che hanno lavorato in simbiosi:<\/p>\n<p><a href=\"https:\/\/www.linkedin.com\/in\/giuseppe-pinna-36859a87?lipi=urn%3Ali%3Apage%3Ad_flagship3_profile_view_base_contact_details%3Bv3Jy2ALORWaZJd5YVGbouA%3D%3D\"><strong>Giuseppe Pinna<\/strong><\/a> \u00a0\u00a0 \u2013\u00a0 <em>art director &amp; storytelling &amp; webdesign &amp; graphicdesign<br \/>\n<\/em><\/p>\n<p><strong><a href=\"http:\/\/linkedin.com\/in\/barbara-favaro\">Barbara Favaro<\/a><\/strong> \u00a0 \u00a0 \u2013\u00a0 <em>storytelling<\/em> <em>&amp; copywriting &amp; content creator<\/em><\/p>\n<p><strong><a href=\"https:\/\/www.linkedin.com\/in\/alice-bozzoni?lipi=urn%3Ali%3Apage%3Ad_flagship3_profile_view_base_contact_details%3ByqVrTcz%2BRB2hi%2BY7YvRmTQ%3D%3D\">Alice Bozzoni<\/a><\/strong> \u00a0 \u00a0\u00a0\u00a0 \u2013\u00a0 <em>digital strategist &amp; content creator<br \/>\n<\/em><\/p>\n<p>&nbsp;<\/p>\n<p><strong>Scopri altri Case Study:<\/strong><\/p>\n<table>\n<tbody>\n<tr>\n<td style=\"text-align: left;\"><a href=\"https:\/\/haaveilla.barbarafavaro.com\/index.php\/portfolio-case-study\/anesone-triduo-2\/\"><strong>Anesone Triduo<\/strong><\/a><\/td>\n<td><strong><a href=\"https:\/\/haaveilla.barbarafavaro.com\/index.php\/portfolio-case-study\/bd-2\/\">bd<\/a><\/strong><\/td>\n<td><a href=\"https:\/\/haaveilla.barbarafavaro.com\/index.php\/portfolio-case-study\/fasanella-immobiliare\/\"><strong>Fasanella Immobiliare<\/strong><\/a><\/td>\n<td><strong><a href=\"https:\/\/haaveilla.barbarafavaro.com\/index.php\/portfolio-case-study\/follow_es\/\">Follow_Es<\/a><\/strong><\/td>\n<td><a href=\"https:\/\/haaveilla.barbarafavaro.com\/index.php\/portfolio-case-study\/la-tisaneria\/\"><strong>La Tisaneria<\/strong><\/a><\/td>\n<td><a href=\"https:\/\/haaveilla.barbarafavaro.com\/index.php\/portfolio-case-study\/mario-carotenuto-security-criminologist\/\"><strong>Mario Carotenuto<\/strong><\/a><\/td>\n<td><a href=\"https:\/\/haaveilla.barbarafavaro.com\/index.php\/portfolio-case-study\/nsi-natural-system-implant\/\"><strong>NSI<\/strong><\/a><\/td>\n<td><a href=\"https:\/\/haaveilla.barbarafavaro.com\/index.php\/portfolio-case-study\/scuderia-castello-2\/\"><strong>Scuderia Castello<\/strong><\/a><\/td>\n<td><a href=\"https:\/\/haaveilla.barbarafavaro.com\/index.php\/portfolio-case-study\/tadaam-2\/\"><strong>Tadaam<\/strong><\/a><\/td>\n<td><a href=\"https:\/\/haaveilla.barbarafavaro.com\/index.php\/portfolio-case-study\/yukon\/\"><strong>Yukon<\/strong><\/a><\/td>\n<\/tr>\n<\/tbody>\n<\/table>\n<table style=\"border-collapse: collapse; width: 100%;\">\n<tbody>\n<tr>\n<td style=\"width: 10%; text-align: left;\"><a href=\"https:\/\/haaveilla.barbarafavaro.com\/index.php\/portfolio-case-study\/exa-innovation\/\"><strong>EXA Innovation srl<\/strong><\/a><\/td>\n<td style=\"width: 10%;\"><a href=\"https:\/\/haaveilla.barbarafavaro.com\/index.php\/portfolio-case-study\/farmacia-caruso\/\"><strong>Farmacia Caruso<\/strong><\/a><\/td>\n<td style=\"width: 10%;\"><a href=\"https:\/\/haaveilla.barbarafavaro.com\/index.php\/portfolio-case-study\/bb-bel-salo\/\"><strong>B&amp;B Bel Sal\u00f2<\/strong><\/a><\/td>\n<td style=\"width: 10%;\"><\/td>\n<td style=\"width: 10%;\"><\/td>\n<td style=\"width: 10%;\"><\/td>\n<td style=\"width: 10%;\"><\/td>\n<td style=\"width: 10%;\"><\/td>\n<td style=\"width: 10%;\"><\/td>\n<td style=\"width: 10%;\"><\/td>\n<\/tr>\n<\/tbody>\n<\/table>\n","protected":false},"excerpt":{"rendered":"<p>Premessa ATTENZIONE! Il website attuale \u00e8 stato rebrandizzato. Il re-branding richiesto \u00e8 stato del tutto stravolto per la necessit\u00e0 di effettuare un upgrade totale che&#8230;<\/p>\n<div class=\"more-link-wrapper\"><a class=\"more-link\" href=\"https:\/\/haaveilla.barbarafavaro.com\/index.php\/portfolio-case-study\/gen\/\">Continua a leggere<span class=\"screen-reader-text\">gen.<\/span><\/a><\/div>\n","protected":false},"author":1,"featured_media":687,"parent":710,"menu_order":0,"comment_status":"closed","ping_status":"closed","template":"","meta":{"_monsterinsights_skip_tracking":false,"_monsterinsights_sitenote_active":false,"_monsterinsights_sitenote_note":"","_monsterinsights_sitenote_category":0,"footnotes":""},"class_list":["post-881","page","type-page","status-publish","has-post-thumbnail","hentry","entry"],"yoast_head":"<!-- This site is optimized with the Yoast SEO plugin v27.3 - https:\/\/yoast.com\/product\/yoast-seo-wordpress\/ -->\n<title>gen. ~<\/title>\n<meta name=\"description\" content=\"Re-branding per la necessit\u00e0 di effettuare un upgrade che partisse dal naming per la Wireless Group Communications...\" \/>\n<meta name=\"robots\" content=\"index, follow, max-snippet:-1, max-image-preview:large, max-video-preview:-1\" \/>\n<link rel=\"canonical\" href=\"https:\/\/haaveilla.barbarafavaro.com\/index.php\/portfolio-case-study\/gen\/\" \/>\n<meta property=\"og:locale\" content=\"it_IT\" \/>\n<meta property=\"og:type\" content=\"article\" \/>\n<meta property=\"og:title\" content=\"gen. ~\" \/>\n<meta property=\"og:description\" content=\"Re-branding per la necessit\u00e0 di effettuare un upgrade che partisse dal naming per la Wireless Group Communications...\" \/>\n<meta property=\"og:url\" content=\"https:\/\/haaveilla.barbarafavaro.com\/index.php\/portfolio-case-study\/gen\/\" \/>\n<meta property=\"article:modified_time\" content=\"2022-09-23T16:13:24+00:00\" \/>\n<meta property=\"og:image\" content=\"https:\/\/haaveilla.barbarafavaro.com\/wp-content\/uploads\/2021\/11\/black-1072366_1920.jpg\" \/>\n\t<meta property=\"og:image:width\" content=\"1920\" \/>\n\t<meta property=\"og:image:height\" content=\"1280\" \/>\n\t<meta property=\"og:image:type\" content=\"image\/jpeg\" \/>\n<meta name=\"twitter:card\" content=\"summary_large_image\" \/>\n<meta name=\"twitter:label1\" content=\"Tempo di lettura stimato\" \/>\n\t<meta name=\"twitter:data1\" content=\"3 minuti\" \/>\n<script type=\"application\/ld+json\" class=\"yoast-schema-graph\">{\"@context\":\"https:\\\/\\\/schema.org\",\"@graph\":[{\"@type\":\"WebPage\",\"@id\":\"https:\\\/\\\/haaveilla.barbarafavaro.com\\\/index.php\\\/portfolio-case-study\\\/gen\\\/\",\"url\":\"https:\\\/\\\/haaveilla.barbarafavaro.com\\\/index.php\\\/portfolio-case-study\\\/gen\\\/\",\"name\":\"gen. ~\",\"isPartOf\":{\"@id\":\"https:\\\/\\\/haaveilla.barbarafavaro.com\\\/#website\"},\"primaryImageOfPage\":{\"@id\":\"https:\\\/\\\/haaveilla.barbarafavaro.com\\\/index.php\\\/portfolio-case-study\\\/gen\\\/#primaryimage\"},\"image\":{\"@id\":\"https:\\\/\\\/haaveilla.barbarafavaro.com\\\/index.php\\\/portfolio-case-study\\\/gen\\\/#primaryimage\"},\"thumbnailUrl\":\"https:\\\/\\\/haaveilla.barbarafavaro.com\\\/wp-content\\\/uploads\\\/2021\\\/11\\\/black-1072366_1920.jpg\",\"datePublished\":\"2021-11-06T21:23:10+00:00\",\"dateModified\":\"2022-09-23T16:13:24+00:00\",\"description\":\"Re-branding per la necessit\u00e0 di effettuare un upgrade che partisse dal naming per la Wireless Group Communications...\",\"breadcrumb\":{\"@id\":\"https:\\\/\\\/haaveilla.barbarafavaro.com\\\/index.php\\\/portfolio-case-study\\\/gen\\\/#breadcrumb\"},\"inLanguage\":\"it-IT\",\"potentialAction\":[{\"@type\":\"ReadAction\",\"target\":[\"https:\\\/\\\/haaveilla.barbarafavaro.com\\\/index.php\\\/portfolio-case-study\\\/gen\\\/\"]}]},{\"@type\":\"ImageObject\",\"inLanguage\":\"it-IT\",\"@id\":\"https:\\\/\\\/haaveilla.barbarafavaro.com\\\/index.php\\\/portfolio-case-study\\\/gen\\\/#primaryimage\",\"url\":\"https:\\\/\\\/haaveilla.barbarafavaro.com\\\/wp-content\\\/uploads\\\/2021\\\/11\\\/black-1072366_1920.jpg\",\"contentUrl\":\"https:\\\/\\\/haaveilla.barbarafavaro.com\\\/wp-content\\\/uploads\\\/2021\\\/11\\\/black-1072366_1920.jpg\",\"width\":1920,\"height\":1280},{\"@type\":\"BreadcrumbList\",\"@id\":\"https:\\\/\\\/haaveilla.barbarafavaro.com\\\/index.php\\\/portfolio-case-study\\\/gen\\\/#breadcrumb\",\"itemListElement\":[{\"@type\":\"ListItem\",\"position\":1,\"name\":\"Home\",\"item\":\"https:\\\/\\\/haaveilla.barbarafavaro.com\\\/\"},{\"@type\":\"ListItem\",\"position\":2,\"name\":\"Portfolio Case Study\",\"item\":\"https:\\\/\\\/haaveilla.barbarafavaro.com\\\/index.php\\\/portfolio-case-study\\\/\"},{\"@type\":\"ListItem\",\"position\":3,\"name\":\"gen.\"}]},{\"@type\":\"WebSite\",\"@id\":\"https:\\\/\\\/haaveilla.barbarafavaro.com\\\/#website\",\"url\":\"https:\\\/\\\/haaveilla.barbarafavaro.com\\\/\",\"name\":\"HAAVEILLA - soluzioni narrative\",\"description\":\"\",\"publisher\":{\"@id\":\"https:\\\/\\\/haaveilla.barbarafavaro.com\\\/#\\\/schema\\\/person\\\/f8073f8c61b4406f6bd45f00d7cda9f1\"},\"potentialAction\":[{\"@type\":\"SearchAction\",\"target\":{\"@type\":\"EntryPoint\",\"urlTemplate\":\"https:\\\/\\\/haaveilla.barbarafavaro.com\\\/?s={search_term_string}\"},\"query-input\":{\"@type\":\"PropertyValueSpecification\",\"valueRequired\":true,\"valueName\":\"search_term_string\"}}],\"inLanguage\":\"it-IT\"},{\"@type\":[\"Person\",\"Organization\"],\"@id\":\"https:\\\/\\\/haaveilla.barbarafavaro.com\\\/#\\\/schema\\\/person\\\/f8073f8c61b4406f6bd45f00d7cda9f1\",\"name\":\"Barbara Favaro\",\"image\":{\"@type\":\"ImageObject\",\"inLanguage\":\"it-IT\",\"@id\":\"https:\\\/\\\/secure.gravatar.com\\\/avatar\\\/a7a44da2e91675987a920c388cd97be374e74b275e95bd9395b038a78da94aa4?s=96&d=mm&r=g\",\"url\":\"https:\\\/\\\/secure.gravatar.com\\\/avatar\\\/a7a44da2e91675987a920c388cd97be374e74b275e95bd9395b038a78da94aa4?s=96&d=mm&r=g\",\"contentUrl\":\"https:\\\/\\\/secure.gravatar.com\\\/avatar\\\/a7a44da2e91675987a920c388cd97be374e74b275e95bd9395b038a78da94aa4?s=96&d=mm&r=g\",\"caption\":\"Barbara Favaro\"},\"logo\":{\"@id\":\"https:\\\/\\\/secure.gravatar.com\\\/avatar\\\/a7a44da2e91675987a920c388cd97be374e74b275e95bd9395b038a78da94aa4?s=96&d=mm&r=g\"},\"sameAs\":[\"http:\\\/\\\/barbarafavaro.com\"]}]}<\/script>\n<!-- \/ Yoast SEO plugin. -->","yoast_head_json":{"title":"gen. ~","description":"Re-branding per la necessit\u00e0 di effettuare un upgrade che partisse dal naming per la Wireless Group Communications...","robots":{"index":"index","follow":"follow","max-snippet":"max-snippet:-1","max-image-preview":"max-image-preview:large","max-video-preview":"max-video-preview:-1"},"canonical":"https:\/\/haaveilla.barbarafavaro.com\/index.php\/portfolio-case-study\/gen\/","og_locale":"it_IT","og_type":"article","og_title":"gen. ~","og_description":"Re-branding per la necessit\u00e0 di effettuare un upgrade che partisse dal naming per la Wireless Group Communications...","og_url":"https:\/\/haaveilla.barbarafavaro.com\/index.php\/portfolio-case-study\/gen\/","article_modified_time":"2022-09-23T16:13:24+00:00","og_image":[{"width":1920,"height":1280,"url":"https:\/\/haaveilla.barbarafavaro.com\/wp-content\/uploads\/2021\/11\/black-1072366_1920.jpg","type":"image\/jpeg"}],"twitter_card":"summary_large_image","twitter_misc":{"Tempo di lettura stimato":"3 minuti"},"schema":{"@context":"https:\/\/schema.org","@graph":[{"@type":"WebPage","@id":"https:\/\/haaveilla.barbarafavaro.com\/index.php\/portfolio-case-study\/gen\/","url":"https:\/\/haaveilla.barbarafavaro.com\/index.php\/portfolio-case-study\/gen\/","name":"gen. ~","isPartOf":{"@id":"https:\/\/haaveilla.barbarafavaro.com\/#website"},"primaryImageOfPage":{"@id":"https:\/\/haaveilla.barbarafavaro.com\/index.php\/portfolio-case-study\/gen\/#primaryimage"},"image":{"@id":"https:\/\/haaveilla.barbarafavaro.com\/index.php\/portfolio-case-study\/gen\/#primaryimage"},"thumbnailUrl":"https:\/\/haaveilla.barbarafavaro.com\/wp-content\/uploads\/2021\/11\/black-1072366_1920.jpg","datePublished":"2021-11-06T21:23:10+00:00","dateModified":"2022-09-23T16:13:24+00:00","description":"Re-branding per la necessit\u00e0 di effettuare un upgrade che partisse dal naming per la Wireless Group Communications...","breadcrumb":{"@id":"https:\/\/haaveilla.barbarafavaro.com\/index.php\/portfolio-case-study\/gen\/#breadcrumb"},"inLanguage":"it-IT","potentialAction":[{"@type":"ReadAction","target":["https:\/\/haaveilla.barbarafavaro.com\/index.php\/portfolio-case-study\/gen\/"]}]},{"@type":"ImageObject","inLanguage":"it-IT","@id":"https:\/\/haaveilla.barbarafavaro.com\/index.php\/portfolio-case-study\/gen\/#primaryimage","url":"https:\/\/haaveilla.barbarafavaro.com\/wp-content\/uploads\/2021\/11\/black-1072366_1920.jpg","contentUrl":"https:\/\/haaveilla.barbarafavaro.com\/wp-content\/uploads\/2021\/11\/black-1072366_1920.jpg","width":1920,"height":1280},{"@type":"BreadcrumbList","@id":"https:\/\/haaveilla.barbarafavaro.com\/index.php\/portfolio-case-study\/gen\/#breadcrumb","itemListElement":[{"@type":"ListItem","position":1,"name":"Home","item":"https:\/\/haaveilla.barbarafavaro.com\/"},{"@type":"ListItem","position":2,"name":"Portfolio Case Study","item":"https:\/\/haaveilla.barbarafavaro.com\/index.php\/portfolio-case-study\/"},{"@type":"ListItem","position":3,"name":"gen."}]},{"@type":"WebSite","@id":"https:\/\/haaveilla.barbarafavaro.com\/#website","url":"https:\/\/haaveilla.barbarafavaro.com\/","name":"HAAVEILLA - soluzioni narrative","description":"","publisher":{"@id":"https:\/\/haaveilla.barbarafavaro.com\/#\/schema\/person\/f8073f8c61b4406f6bd45f00d7cda9f1"},"potentialAction":[{"@type":"SearchAction","target":{"@type":"EntryPoint","urlTemplate":"https:\/\/haaveilla.barbarafavaro.com\/?s={search_term_string}"},"query-input":{"@type":"PropertyValueSpecification","valueRequired":true,"valueName":"search_term_string"}}],"inLanguage":"it-IT"},{"@type":["Person","Organization"],"@id":"https:\/\/haaveilla.barbarafavaro.com\/#\/schema\/person\/f8073f8c61b4406f6bd45f00d7cda9f1","name":"Barbara Favaro","image":{"@type":"ImageObject","inLanguage":"it-IT","@id":"https:\/\/secure.gravatar.com\/avatar\/a7a44da2e91675987a920c388cd97be374e74b275e95bd9395b038a78da94aa4?s=96&d=mm&r=g","url":"https:\/\/secure.gravatar.com\/avatar\/a7a44da2e91675987a920c388cd97be374e74b275e95bd9395b038a78da94aa4?s=96&d=mm&r=g","contentUrl":"https:\/\/secure.gravatar.com\/avatar\/a7a44da2e91675987a920c388cd97be374e74b275e95bd9395b038a78da94aa4?s=96&d=mm&r=g","caption":"Barbara Favaro"},"logo":{"@id":"https:\/\/secure.gravatar.com\/avatar\/a7a44da2e91675987a920c388cd97be374e74b275e95bd9395b038a78da94aa4?s=96&d=mm&r=g"},"sameAs":["http:\/\/barbarafavaro.com"]}]}},"_links":{"self":[{"href":"https:\/\/haaveilla.barbarafavaro.com\/index.php\/wp-json\/wp\/v2\/pages\/881","targetHints":{"allow":["GET"]}}],"collection":[{"href":"https:\/\/haaveilla.barbarafavaro.com\/index.php\/wp-json\/wp\/v2\/pages"}],"about":[{"href":"https:\/\/haaveilla.barbarafavaro.com\/index.php\/wp-json\/wp\/v2\/types\/page"}],"author":[{"embeddable":true,"href":"https:\/\/haaveilla.barbarafavaro.com\/index.php\/wp-json\/wp\/v2\/users\/1"}],"replies":[{"embeddable":true,"href":"https:\/\/haaveilla.barbarafavaro.com\/index.php\/wp-json\/wp\/v2\/comments?post=881"}],"version-history":[{"count":22,"href":"https:\/\/haaveilla.barbarafavaro.com\/index.php\/wp-json\/wp\/v2\/pages\/881\/revisions"}],"predecessor-version":[{"id":1137,"href":"https:\/\/haaveilla.barbarafavaro.com\/index.php\/wp-json\/wp\/v2\/pages\/881\/revisions\/1137"}],"up":[{"embeddable":true,"href":"https:\/\/haaveilla.barbarafavaro.com\/index.php\/wp-json\/wp\/v2\/pages\/710"}],"wp:featuredmedia":[{"embeddable":true,"href":"https:\/\/haaveilla.barbarafavaro.com\/index.php\/wp-json\/wp\/v2\/media\/687"}],"wp:attachment":[{"href":"https:\/\/haaveilla.barbarafavaro.com\/index.php\/wp-json\/wp\/v2\/media?parent=881"}],"curies":[{"name":"wp","href":"https:\/\/api.w.org\/{rel}","templated":true}]}}